{"id":4516,"date":"2024-05-13T15:11:19","date_gmt":"2024-05-13T15:11:19","guid":{"rendered":"https:\/\/desarrollourbano.irapuato.gob.mx\/?page_id=4516"},"modified":"2025-03-20T17:53:57","modified_gmt":"2025-03-20T17:53:57","slug":"fraccionamientos-y-desarrollos-en-condominio","status":"publish","type":"page","link":"https:\/\/desarrollourbano.irapuato.gob.mx\/index.php\/fraccionamientos-y-desarrollos-en-condominio\/","title":{"rendered":"Fraccionamientos y desarrollos en condominio"},"content":{"rendered":"<p>[vc_row][vc_column][vc_empty_space height=&#8221;10px&#8221;][\/vc_column][\/vc_row][vc_row][vc_column]<div id=\"uvc-type-wrap-9311\"  data-ultimate-target='#uvc-type-wrap-9311'  data-responsive-json-new='{\"font-size\":\"desktop:40px;\",\"line-height\":\"desktop:48px;\"}'  class=\"uvc-type-wrap  ult-adjust-bottom-margin ult-responsive  uvc-type-align-left uvc-type-no-prefix uvc-wrap-235077498669e3a3b776558\" style=\"text-align:left;\"><div id=\"vticker-235077498669e3a3b776558\"  data-ultimate-target='#uvc-type-wrap-9311'  data-responsive-json-new='{\"font-size\":\"desktop:40px;\",\"line-height\":\"desktop:48px;\"}'  class=\"ultimate-vticker ticker  ultimate-fancy-text-inherit\" style=\" font-weight:bold; text-transform: unset;\"><ul><li style=\"opacity:1\">Irapuato registra:<\/li><\/ul><\/div><script type=\"text\/javascript\">\n\t\t\t\t\t\tjQuery(function($){\n\t\t\t\t\t\t\t$(document).ready(function(){\n\t\t\t\t\t\t\t\tif( typeof jQuery(\"#vticker-235077498669e3a3b776558\").easyTicker == \"function\"){\n\t\t\t\t\t\t\t\t\t$(\"#vticker-235077498669e3a3b776558\").find(\"li\").css(\"opacity\",\"1\");\n\t\t\t\t\t\t\t\t\t\n\t\t\t\t\t\t\t\t\t$(\"#vticker-235077498669e3a3b776558\").easyTicker({\n\t\t\t\t\t\t\t\t\t\tdirection: \"up\",\n\t\t\t\t\t\t\t\t\t\teasing: \"swing\",\n\t\t\t\t\t\t\t\t\t\tspeed: 100,\n\t\t\t\t\t\t\t\t\t\tinterval: 50000,\n\t\t\t\t\t\t\t\t\t\theight: \"auto\",\n\t\t\t\t\t\t\t\t\t\tvisible: 1,\n\t\t\t\t\t\t\t\t\t\tmousePause: 0,\n\t\t\t\t\t\t\t\t\t\tcontrols: {\n\t\t\t\t\t\t\t\t\t\t\tup: \"\",\n\t\t\t\t\t\t\t\t\t\t\tdown: \"\",\n\t\t\t\t\t\t\t\t\t\t\ttoggle: \"\",\n\t\t\t\t\t\t\t\t\t\t\tplayText: \"Play\",\n\t\t\t\t\t\t\t\t\t\t\tstopText: \"Stop\"\n\t\t\t\t\t\t\t\t\t\t}\n\t\t\t\t\t\t\t\t\t});\n\t\t\t\t\t\t\t\t}\n\t\t\t\t\t\t\t});\n\t\t\t\t\t\t});\n\t\t\t\t\t<\/script><\/div><div class=\"stats-block stats-left  \"><div class=\"aio-icon-left\"><div class=\"ult-just-icon-wrapper  \"><div class=\"align-icon\" style=\"text-align:center;\">\n<div class=\"aio-icon none \"  style=\"color:#d20c6e;font-size:110px;display:inline-block;\">\n\t<i class=\"icomoon-the7-font-the7-home-021\"><\/i>\n<\/div><\/div><\/div><\/div><div class=\"stats-desc\" id=\"counter-responsv-wrap-8458\"><div id=\"counter_229836558769e3a3b776977\" data-id=\"counter_229836558769e3a3b776977\"  data-ultimate-target='#counter-responsv-wrap-8458 .stats-number'  data-responsive-json-new='{\"font-size\":\"desktop:45px;\",\"line-height\":\"\"}'  class=\"stats-number ult-responsive\" style=\" color:#c4c4c4; font-weight:bold;color:#d20c6e;\" data-speed=\"3\" data-counter-value=\"562\" data-separator=\",\" data-decimal=\".\">0<\/div><div id=\"counter_229836558769e3a3b776977\"  data-ultimate-target='#counter-responsv-wrap-8458 .stats-text'  data-responsive-json-new='{\"font-size\":\"desktop:25px;\",\"line-height\":\"\"}'  class=\"stats-text ult-responsive\" style=\"font-size:px; color:#c4c4c4; font-style:italic;font-weight:normal;\">Fraccionamientos y desarrollos en condominio que cuentan con permiso de venta<\/div><\/div><\/div>[vc_column_text]<\/p>\n<h5>Compartimos una lista con algunos de los m\u00e1s recientes que cuentan con permiso de venta:<\/h5>\n<p>[\/vc_column_text][vc_empty_space][\/vc_column][\/vc_row][vc_row][vc_column width=&#8221;1\/2&#8243;]<div class=\"ult_pricing_table_wrap ult_info_table ult_design_6  ult-cs-gray  \">\n\t\t\t\t\t<div class=\"ult_pricing_table info_min_ht\" style=\" min-height:10px;\"><div id=\"Info-table-wrap-6426\" class=\"ult_pricing_heading\" style=\"\">\n\t\t\t\t\t\t\t<h3 class=\"ult-responsive\"  data-ultimate-target='#Info-table-wrap-6426 h3'  data-responsive-json-new='{\"font-size\":\"\",\"line-height\":\"\"}'  style=\"font-weight:normal;\"><\/h3><\/div><!--ult_pricing_heading--><div class=\"ult_price_body_block\" style=\"\">\n\t\t\t\t\t\t\t<div class=\"ult_price_body\">\n\t\t\t\t\t\t\t\t<div class=\"ult_price\">\n\t\t\t\t\t\t\t\t\t<div class=\"ult-just-icon-wrapper  \"><div class=\"align-icon\" style=\"text-align:center;\"><\/div><\/div>\n\t\t\t\t\t\t\t\t<\/div>\n\t\t\t\t\t\t\t<\/div>\n\t\t\t\t\t\t<\/div><!--ult_price_body_block--><div id=\"info_table_features_wrap-2171\"  data-ultimate-target='#info_table_features_wrap-2171.ult_price_features'  data-responsive-json-new='{\"font-size\":\"\",\"line-height\":\"\"}'  class=\"ult-responsive ult_price_features\" style=\"font-weight:normal;\">\n\t\t\t\t\t\t\t<ul>\n<li><a href=\"https:\/\/desarrollourbano.irapuato.gob.mx\/wp-content\/uploads\/2024\/05\/TRAZA-AUTORIZADA-SAN-SEBASTIAN-Model.pdf\" target=\"_blank\" rel=\"noopener\">Desarrollo en Condominio\u00a0 \u201cQuinta San Sebasti\u00e1n\u201d \u00a0<\/a><\/li>\n<li><a href=\"https:\/\/desarrollourbano.irapuato.gob.mx\/wp-content\/uploads\/2024\/05\/1.-Traza_Ankara-Sustitucion-plano-Traza-03092015-Layout1.pdf\" target=\"_blank\" rel=\"noopener\">Desarrollo en Condominio &#8220;Ankara Residencial&#8221; <\/a><\/li>\n<li><a href=\"https:\/\/desarrollourbano.irapuato.gob.mx\/wp-content\/uploads\/2024\/05\/GODIA-LIVING.pdf\" target=\"_blank\" rel=\"noopener\">Desarrollo en Condominio &#8220;Godai Living&#8221; <\/a><\/li>\n<li><a href=\"https:\/\/desarrollourbano.irapuato.gob.mx\/wp-content\/uploads\/2024\/05\/La-Giralda.pdf\" target=\"_blank\" rel=\"noopener\">Desarrollo en Condominio &#8220;La Giralda Residencial&#8221; <\/a><\/li>\n<li><a href=\"https:\/\/desarrollourbano.irapuato.gob.mx\/wp-content\/uploads\/2024\/05\/LOMBARDIA.pdf\" target=\"_blank\" rel=\"noopener\">Desarrollo en Condominio &#8220;Lombardia&#8221; <\/a><\/li>\n<li><a href=\"https:\/\/desarrollourbano.irapuato.gob.mx\/wp-content\/uploads\/2024\/05\/NOVATERRA.pdf\" target=\"_blank\" rel=\"noopener\">Desarrollo en Condominio &#8220;Novaterra&#8221; <\/a><\/li>\n<li><a href=\"https:\/\/desarrollourbano.irapuato.gob.mx\/wp-content\/uploads\/2024\/05\/Residencial-Villas-de-las-Aurora-Residencial.pdf\" target=\"_blank\" rel=\"noopener\">Desarrollo en Condominio &#8220;Villas de la Aurora Residencial&#8221; <\/a><\/li>\n<li><a href=\"https:\/\/desarrollourbano.irapuato.gob.mx\/wp-content\/uploads\/2024\/05\/El-Molino.pdf\" target=\"_blank\" rel=\"noopener\">Desarrollo en Condominio \u201cEl Molino\u201d <\/a><\/li>\n<li><a href=\"https:\/\/desarrollourbano.irapuato.gob.mx\/wp-content\/uploads\/2024\/05\/La-Castellana.pdf\" target=\"_blank\" rel=\"noopener\">Desarrollo en Condominio \u201cLa Castellana\u201d <\/a><\/li>\n<li><a href=\"https:\/\/desarrollourbano.irapuato.gob.mx\/wp-content\/uploads\/2024\/05\/Plano-autorizado-Masada-Residencial.pdf\" target=\"_blank\" rel=\"noopener\">Desarrollo en Condominio \u201cMasada Residencial\u201d <\/a><\/li>\n<li><a href=\"https:\/\/desarrollourbano.irapuato.gob.mx\/wp-content\/uploads\/2024\/05\/O-Lindo.pdf\" target=\"_blank\" rel=\"noopener\">Desarrollo en Condominio \u201cO Lindo Residencial\u201d <\/a><\/li>\n<li><a href=\"https:\/\/desarrollourbano.irapuato.gob.mx\/wp-content\/uploads\/2024\/05\/Puerta-Diamante-1-y-2.pdf\" target=\"_blank\" rel=\"noopener\">Desarrollo en Condominio \u201cPuerta Diamante 1\u201d y \u201cPuerta Diamante 2\u201d.<\/a><\/li>\n<\/ul>\n\n\t\t\t\t\t\t<\/div><!--ult_price_features--><div class=\"ult_clr\"><\/div>\n\t\t\t<\/div><!--pricing_table-->\n\t\t<\/div><!--pricing_table_wrap-->[\/vc_column][vc_column width=&#8221;1\/2&#8243;]<div class=\"ult_pricing_table_wrap ult_info_table ult_design_6  ult-cs-gray  \">\n\t\t\t\t\t<div class=\"ult_pricing_table info_min_ht\" style=\" min-height:10px;\"><div id=\"Info-table-wrap-2782\" class=\"ult_pricing_heading\" style=\"\">\n\t\t\t\t\t\t\t<h3 class=\"ult-responsive\"  data-ultimate-target='#Info-table-wrap-2782 h3'  data-responsive-json-new='{\"font-size\":\"\",\"line-height\":\"\"}'  style=\"font-weight:normal;\"><\/h3><\/div><!--ult_pricing_heading--><div class=\"ult_price_body_block\" style=\"\">\n\t\t\t\t\t\t\t<div class=\"ult_price_body\">\n\t\t\t\t\t\t\t\t<div class=\"ult_price\">\n\t\t\t\t\t\t\t\t\t<div class=\"ult-just-icon-wrapper  \"><div class=\"align-icon\" style=\"text-align:center;\"><\/div><\/div>\n\t\t\t\t\t\t\t\t<\/div>\n\t\t\t\t\t\t\t<\/div>\n\t\t\t\t\t\t<\/div><!--ult_price_body_block--><div id=\"info_table_features_wrap-7956\"  data-ultimate-target='#info_table_features_wrap-7956.ult_price_features'  data-responsive-json-new='{\"font-size\":\"\",\"line-height\":\"\"}'  class=\"ult-responsive ult_price_features\" style=\"font-weight:normal;\">\n\t\t\t\t\t\t\t<ul>\n<li><a href=\"https:\/\/desarrollourbano.irapuato.gob.mx\/wp-content\/uploads\/2024\/05\/Residencial-San-Francisco.pdf\" target=\"_blank\" rel=\"noopener\">Desarrollo en Condominio \u201cResidencial San Francisco\u201d. <\/a><\/li>\n<li><a href=\"https:\/\/desarrollourbano.irapuato.gob.mx\/wp-content\/uploads\/2024\/05\/Plano-autorizado-Tierra-Nueva.pdf\" target=\"_blank\" rel=\"noopener\">Desarrollo en Condominio \u201cTierra Nueva\u201d <\/a><\/li>\n<li><a href=\"https:\/\/desarrollourbano.irapuato.gob.mx\/wp-content\/uploads\/2024\/05\/Ampliacion-Villas-de-Irapuato-Torre-OBEN.pdf\" target=\"_blank\" rel=\"noopener\">Desarrollo en Condominio \u201cTorre Oben\u201d<\/a><\/li>\n<li><a href=\"https:\/\/desarrollourbano.irapuato.gob.mx\/wp-content\/uploads\/2024\/05\/Expo-Fresas.pdf\" target=\"_blank\" rel=\"noopener\">Fraccionamiento &#8220;Expo Fresas&#8221;<\/a><\/li>\n<li><a href=\"https:\/\/desarrollourbano.irapuato.gob.mx\/wp-content\/uploads\/2024\/05\/Plano-autorizado-Fracc.-Residencial-San-Marino.pdf\" target=\"_blank\" rel=\"noopener\">Fraccionamiento &#8220;Residencial San Marino&#8221; <\/a><\/li>\n<li><a href=\"https:\/\/desarrollourbano.irapuato.gob.mx\/wp-content\/uploads\/2024\/05\/Quintas-San-Joaquin.pdf\" target=\"_blank\" rel=\"noopener\">Fraccionamiento \u201cQuintas San Joaqu\u00edn\u201d, Segunda Etapa de la Segunda Secci\u00f3n. <\/a><\/li>\n<li><a href=\"https:\/\/desarrollourbano.irapuato.gob.mx\/wp-content\/uploads\/2024\/05\/Villas-de-Bernalejo.pdf\" target=\"_blank\" rel=\"noopener\">Fraccionamiento \u201cVillas de Bernalejo\u201d<\/a><\/li>\n<li><a href=\"https:\/\/desarrollourbano.irapuato.gob.mx\/wp-content\/uploads\/2024\/05\/Plano-Autorizado-Colinas-del-Rio-II.pdf\" target=\"_blank\" rel=\"noopener\">Fraccionamiento &#8220;Colinas del Rio II&#8221;. (Segunda y Tercera Etapa) <\/a><\/li>\n<li><a href=\"https:\/\/desarrollourbano.irapuato.gob.mx\/wp-content\/uploads\/2024\/05\/Plano-autorizado-El-Guayabo.pdf\" target=\"_blank\" rel=\"noopener\">Fraccionamiento &#8220;El Guayabo&#8221; <\/a><\/li>\n<li><a href=\"https:\/\/desarrollourbano.irapuato.gob.mx\/wp-content\/uploads\/2024\/05\/Plano-Modificacion-de-Traza-La-Reserva.pdf\" target=\"_blank\" rel=\"noopener\">Fraccionamiento &#8220;La Reserva.&#8221; <\/a><\/li>\n<li><a href=\"https:\/\/desarrollourbano.irapuato.gob.mx\/wp-content\/uploads\/2024\/05\/Los-Castillos.pdf\" target=\"_blank\" rel=\"noopener\">Fraccionamiento &#8220;Los Castillos&#8221; <\/a><\/li>\n<li><a href=\"https:\/\/desarrollourbano.irapuato.gob.mx\/wp-content\/uploads\/2024\/05\/Plano-autorizado-Parque-Central-Guanajuato.pdf\" target=\"_blank\" rel=\"noopener\">Fraccionamiento &#8220;Parque Central Guanajuato&#8221; <\/a><\/li>\n<\/ul>\n\n\t\t\t\t\t\t<\/div><!--ult_price_features--><div class=\"ult_clr\"><\/div>\n\t\t\t<\/div><!--pricing_table-->\n\t\t<\/div><!--pricing_table_wrap-->[\/vc_column][\/vc_row][vc_row][vc_column width=&#8221;1\/2&#8243;]<div class=\"ult_pricing_table_wrap ult_info_table ult_design_6  ult-cs-gray  \">\n\t\t\t\t\t<div class=\"ult_pricing_table info_min_ht\" style=\" min-height:10px;\"><div id=\"Info-table-wrap-1234\" class=\"ult_pricing_heading\" style=\"\">\n\t\t\t\t\t\t\t<h3 class=\"ult-responsive\"  data-ultimate-target='#Info-table-wrap-1234 h3'  data-responsive-json-new='{\"font-size\":\"\",\"line-height\":\"\"}'  style=\"font-weight:normal;\"><\/h3><\/div><!--ult_pricing_heading--><div class=\"ult_price_body_block\" style=\"\">\n\t\t\t\t\t\t\t<div class=\"ult_price_body\">\n\t\t\t\t\t\t\t\t<div class=\"ult_price\">\n\t\t\t\t\t\t\t\t\t<div class=\"ult-just-icon-wrapper  \"><div class=\"align-icon\" style=\"text-align:center;\"><\/div><\/div>\n\t\t\t\t\t\t\t\t<\/div>\n\t\t\t\t\t\t\t<\/div>\n\t\t\t\t\t\t<\/div><!--ult_price_body_block--><div id=\"info_table_features_wrap-9041\"  data-ultimate-target='#info_table_features_wrap-9041.ult_price_features'  data-responsive-json-new='{\"font-size\":\"\",\"line-height\":\"\"}'  class=\"ult-responsive ult_price_features\" style=\"font-weight:normal;\">\n\t\t\t\t\t\t\t<ul>\n<li><a href=\"https:\/\/desarrollourbano.irapuato.gob.mx\/wp-content\/uploads\/2024\/05\/Pueblito-Lindo-Comunidad-Urbana.pdf\" target=\"_blank\" rel=\"noopener\">Fraccionamiento &#8220;Pueblito Lindo Comunidad Urbana&#8221;, para la Primera Etapa.<\/a><\/li>\n<li><a href=\"https:\/\/desarrollourbano.irapuato.gob.mx\/wp-content\/uploads\/2024\/05\/Plano-autorizado-Residencial-Horizontes.pdf\" target=\"_blank\" rel=\"noopener\">Fraccionamiento &#8220;Residencial Horizontes&#8221; <\/a><\/li>\n<li><a href=\"https:\/\/desarrollourbano.irapuato.gob.mx\/wp-content\/uploads\/2024\/05\/Residencial-Santa-Sofia.pdf\" target=\"_blank\" rel=\"noopener\">Fraccionamiento &#8220;Residencial Santa Sofia&#8221; <\/a><\/li>\n<li><a href=\"https:\/\/desarrollourbano.irapuato.gob.mx\/wp-content\/uploads\/2024\/05\/Rincon-del-Cantador.pdf\" target=\"_blank\" rel=\"noopener\">Fraccionamiento &#8220;Rinc\u00f3n del Cantador&#8221; <\/a><\/li>\n<li><a href=\"https:\/\/desarrollourbano.irapuato.gob.mx\/wp-content\/uploads\/2024\/05\/Traza-San-Javier.pdf\" target=\"_blank\" rel=\"noopener\">Fraccionamiento &#8220;San Javier&#8221; <\/a><\/li>\n<li><a href=\"https:\/\/desarrollourbano.irapuato.gob.mx\/wp-content\/uploads\/2024\/05\/Santa-Barbara.pdf\" target=\"_blank\" rel=\"noopener\">Fraccionamiento &#8220;Santa Barbara&#8221;<\/a><\/li>\n<li><a href=\"https:\/\/desarrollourbano.irapuato.gob.mx\/wp-content\/uploads\/2024\/05\/Plano-autorizado-Aranzazu.pdf\" target=\"_blank\" rel=\"noopener\">Fraccionamiento \u201cAranzazu\u201d, Cuarta Etapa <\/a><\/li>\n<li><a href=\"https:\/\/desarrollourbano.irapuato.gob.mx\/wp-content\/uploads\/2024\/05\/Capilla-Mendoza.pdf\" target=\"_blank\" rel=\"noopener\">Fraccionamiento \u201cCapilla de Mendoza\u201d, Segunda Etapa<\/a><\/li>\n<li><a href=\"https:\/\/desarrollourbano.irapuato.gob.mx\/wp-content\/uploads\/2024\/05\/Jardin-de-Valle-Verde.pdf\" target=\"_blank\" rel=\"noopener\">Fraccionamiento \u201cJard\u00edn de Valle Verde\u201d<\/a><\/li>\n<li><a href=\"https:\/\/desarrollourbano.irapuato.gob.mx\/wp-content\/uploads\/2024\/05\/Lomas-del-Pedregal-Cuarta-Seccion-Segunda-Etapa-Sierra-Vista.pdf\" target=\"_blank\" rel=\"noopener\">Fraccionamiento \u201cLomas del Pedregal\u201d de la Cuarta Secci\u00f3n Segunda Etapa (Sierra Vista), para la Primera Etapa.<\/a><\/li>\n<li><a href=\"https:\/\/desarrollourbano.irapuato.gob.mx\/wp-content\/uploads\/2024\/05\/Lomas-del-Pedregal-Etapa-V-INTERLOMAS.pdf\" target=\"_blank\" rel=\"noopener\">Fraccionamiento \u201cLomas del Pedregal\u201d Etapa V (Interlomas). <\/a><\/li>\n<\/ul>\n\n\t\t\t\t\t\t<\/div><!--ult_price_features--><div class=\"ult_clr\"><\/div>\n\t\t\t<\/div><!--pricing_table-->\n\t\t<\/div><!--pricing_table_wrap-->[\/vc_column][vc_column width=&#8221;1\/2&#8243;]<div class=\"ult_pricing_table_wrap ult_info_table ult_design_6  ult-cs-gray  \">\n\t\t\t\t\t<div class=\"ult_pricing_table info_min_ht\" style=\" min-height:10px;\"><div id=\"Info-table-wrap-9567\" class=\"ult_pricing_heading\" style=\"\">\n\t\t\t\t\t\t\t<h3 class=\"ult-responsive\"  data-ultimate-target='#Info-table-wrap-9567 h3'  data-responsive-json-new='{\"font-size\":\"\",\"line-height\":\"\"}'  style=\"font-weight:normal;\"><\/h3><\/div><!--ult_pricing_heading--><div class=\"ult_price_body_block\" style=\"\">\n\t\t\t\t\t\t\t<div class=\"ult_price_body\">\n\t\t\t\t\t\t\t\t<div class=\"ult_price\">\n\t\t\t\t\t\t\t\t\t<div class=\"ult-just-icon-wrapper  \"><div class=\"align-icon\" style=\"text-align:center;\"><\/div><\/div>\n\t\t\t\t\t\t\t\t<\/div>\n\t\t\t\t\t\t\t<\/div>\n\t\t\t\t\t\t<\/div><!--ult_price_body_block--><div id=\"info_table_features_wrap-5117\"  data-ultimate-target='#info_table_features_wrap-5117.ult_price_features'  data-responsive-json-new='{\"font-size\":\"\",\"line-height\":\"\"}'  class=\"ult-responsive ult_price_features\" style=\"font-weight:normal;\">\n\t\t\t\t\t\t\t<ul>\n<li><a href=\"https:\/\/desarrollourbano.irapuato.gob.mx\/wp-content\/uploads\/2024\/05\/Plano-autorizado-Paseos-Florentina-1.pdf\" target=\"_blank\" rel=\"noopener\">Fraccionamiento \u201cPaseos Florentina\u201d, Primera Etapa. <\/a><\/li>\n<li><a href=\"https:\/\/desarrollourbano.irapuato.gob.mx\/wp-content\/uploads\/2024\/05\/Real-Arboledas.pdf\" target=\"_blank\" rel=\"noopener\">Fraccionamiento \u201cReal Arboledas\u201d, Primera y Segunda Etapa<\/a><\/li>\n<li><a href=\"https:\/\/desarrollourbano.irapuato.gob.mx\/wp-content\/uploads\/2024\/05\/Residencial-Irapuato.pdf\" target=\"_blank\" rel=\"noopener\">Fraccionamiento \u201cResidencial Irapuato\u201d, Tercera y Cuarta Etapa<\/a><\/li>\n<li><a href=\"https:\/\/desarrollourbano.irapuato.gob.mx\/wp-content\/uploads\/2024\/05\/Plano-autorizado-Modificacion-de-Traza-Valle-Real-3.pdf\" target=\"_blank\" rel=\"noopener\">Fraccionamiento \u201cValle Real 3\u201d <\/a><\/li>\n<li><a href=\"https:\/\/desarrollourbano.irapuato.gob.mx\/wp-content\/uploads\/2024\/05\/Plano-autorizado-Villa-San-Angel-1.pdf\" target=\"_blank\" rel=\"noopener\">Fraccionamiento \u201cVilla San \u00c1ngel\u201d. (Segunda Etapa) <\/a><\/li>\n<li><a href=\"https:\/\/desarrollourbano.irapuato.gob.mx\/wp-content\/uploads\/2024\/05\/TRAZA-VILLAMADRID.pdf\" target=\"_blank\" rel=\"noopener\">Fraccionamiento \u201cVilla Madrid\u201d, para la Primera Etapa.<\/a><\/li>\n<li><a href=\"https:\/\/desarrollourbano.irapuato.gob.mx\/wp-content\/uploads\/2024\/05\/VILLAS-DEL-SOL-PRIVADA-BASTIA-COTO-D.pdf\" target=\"_blank\" rel=\"noopener\">Fraccionamiento \u201cVillas del Sol\u201d. (Coto Privada Ondara y Privada Bastia)<\/a><\/li>\n<li><a href=\"https:\/\/desarrollourbano.irapuato.gob.mx\/wp-content\/uploads\/2024\/05\/Villas-de-Sur.pdf\" target=\"_blank\" rel=\"noopener\">Fraccionamiento \u201cVillas del Sur\u201d, Segunda Etapa <\/a><\/li>\n<li><a href=\"https:\/\/desarrollourbano.irapuato.gob.mx\/wp-content\/uploads\/2024\/05\/Ziranda-Residencial.pdf\" target=\"_blank\" rel=\"noopener\">Fraccionamiento \u201cZiranda Residencial\u201d.<\/a><\/li>\n<li><a href=\"https:\/\/desarrollourbano.irapuato.gob.mx\/wp-content\/uploads\/2024\/05\/Plano-autorizado-Castro-del-Rio-V-Etapa.pdf\" target=\"_blank\" rel=\"noopener\">Fraccionamiento Industrial &#8220;Castro del Rio&#8221; V Etapa <\/a><\/li>\n<li><a href=\"https:\/\/desarrollourbano.irapuato.gob.mx\/wp-content\/uploads\/2024\/05\/Smart-Park.pdf\" target=\"_blank\" rel=\"noopener\">Fraccionamiento Mixto &#8220;Smart Park&#8221; <\/a><\/li>\n<li><a href=\"https:\/\/desarrollourbano.irapuato.gob.mx\/wp-content\/uploads\/2024\/09\/Fraccionamiento-La-Estancia.pdf\" target=\"_blank\" rel=\"noopener\"><span style=\"font-weight: 400;\">Fraccionamiento \u201cLa Estancia B<\/span><\/a><\/li>\n<\/ul>\n\n\t\t\t\t\t\t<\/div><!--ult_price_features--><div class=\"ult_clr\"><\/div>\n\t\t\t<\/div><!--pricing_table-->\n\t\t<\/div><!--pricing_table_wrap-->[\/vc_column][\/vc_row][vc_row][vc_column width=&#8221;1\/2&#8243;]<div class=\"ult_pricing_table_wrap ult_info_table ult_design_6  ult-cs-gray  \">\n\t\t\t\t\t<div class=\"ult_pricing_table info_min_ht\" style=\" min-height:10px;\"><div id=\"Info-table-wrap-6870\" class=\"ult_pricing_heading\" style=\"\">\n\t\t\t\t\t\t\t<h3 class=\"ult-responsive\"  data-ultimate-target='#Info-table-wrap-6870 h3'  data-responsive-json-new='{\"font-size\":\"\",\"line-height\":\"\"}'  style=\"font-weight:normal;\"><\/h3><\/div><!--ult_pricing_heading--><div class=\"ult_price_body_block\" style=\"\">\n\t\t\t\t\t\t\t<div class=\"ult_price_body\">\n\t\t\t\t\t\t\t\t<div class=\"ult_price\">\n\t\t\t\t\t\t\t\t\t<div class=\"ult-just-icon-wrapper  \"><div class=\"align-icon\" style=\"text-align:center;\"><\/div><\/div>\n\t\t\t\t\t\t\t\t<\/div>\n\t\t\t\t\t\t\t<\/div>\n\t\t\t\t\t\t<\/div><!--ult_price_body_block--><div id=\"info_table_features_wrap-5743\"  data-ultimate-target='#info_table_features_wrap-5743.ult_price_features'  data-responsive-json-new='{\"font-size\":\"\",\"line-height\":\"\"}'  class=\"ult-responsive ult_price_features\" style=\"font-weight:normal;\">\n\t\t\t\t\t\t\t<ul>\n<li style=\"list-style-type: none;\">\n<ul>\n<li><a href=\"https:\/\/desarrollourbano.irapuato.gob.mx\/wp-content\/uploads\/2024\/09\/Fraccionamiento-Los-Prados.pdf\" target=\"_blank\" rel=\"noopener\"><span style=\"font-weight: 400;\">Fraccionamiento \u201cLos Prados\u201d<\/span><\/a><\/li>\n<li><a href=\"https:\/\/desarrollourbano.irapuato.gob.mx\/wp-content\/uploads\/2024\/09\/LAS-PERGOLAS.pdf\" target=\"_blank\" rel=\"noopener\"><span style=\"font-weight: 400;\">Fraccionamiento \u201cLas P\u00e9rgolas\u201d<\/span><\/a><\/li>\n<li><a href=\"https:\/\/desarrollourbano.irapuato.gob.mx\/wp-content\/uploads\/2024\/09\/Los-Encinos.pdf\" target=\"_blank\" rel=\"noopener\"><span style=\"font-weight: 400;\">Fraccionamiento \u201cLos Encinos\u201d<\/span><\/a><\/li>\n<li><a href=\"https:\/\/desarrollourbano.irapuato.gob.mx\/wp-content\/uploads\/2024\/09\/Plano-autorizado-Colonia-5-de-septiembre.pdf\" target=\"_blank\" rel=\"noopener\"><span style=\"font-weight: 400;\">Fraccionamiento \u201cPur\u00edsima del Jard\u00edn\u201d\u00a0<\/span><\/a><\/li>\n<\/ul>\n<\/li>\n<\/ul>\n\n\t\t\t\t\t\t<\/div><!--ult_price_features--><div class=\"ult_clr\"><\/div>\n\t\t\t<\/div><!--pricing_table-->\n\t\t<\/div><!--pricing_table_wrap-->[\/vc_column][vc_column width=&#8221;1\/2&#8243;][\/vc_column][\/vc_row][vc_row][vc_column][vc_column_text]<\/p>\n<p style=\"text-align: center;\"><em><strong>*Nota:<\/strong> En caso de que el fraccionamiento o desarrollo en condominio de t\u00fa inter\u00e9s no aparezca en el listado, favor de consultarlo directamente en la Direcci\u00f3n de Fraccionamientos o comunicarse al 462 635 8800 Ext. 3073<\/em><\/p>\n<p>[\/vc_column_text][\/vc_column][\/vc_row][vc_row][vc_column width=&#8221;1\/3&#8243;][\/vc_column][vc_column width=&#8221;1\/3&#8243;][\/vc_column][vc_column width=&#8221;1\/3&#8243;][\/vc_column][\/vc_row]<\/p>\n","protected":false},"excerpt":{"rendered":"<p>[vc_row][vc_column][vc_empty_space height=&#8221;10px&#8221;][\/vc_column][\/vc_row][vc_row][vc_column][vc_column_text] Compartimos una lista con algunos de los m\u00e1s recientes que cuentan con permiso de venta: [\/vc_column_text][vc_empty_space][\/vc_column][\/vc_row][vc_row][vc_column width=&#8221;1\/2&#8243;][\/vc_column][vc_column width=&#8221;1\/2&#8243;][\/vc_column][\/vc_row][vc_row][vc_column width=&#8221;1\/2&#8243;][\/vc_column][vc_column width=&#8221;1\/2&#8243;][\/vc_column][\/vc_row][vc_row][vc_column width=&#8221;1\/2&#8243;][\/vc_column][vc_column width=&#8221;1\/2&#8243;][\/vc_column][\/vc_row][vc_row][vc_column][vc_column_text] *Nota: En caso de que el fraccionamiento o desarrollo en condominio de t\u00fa inter\u00e9s no aparezca en el listado, favor de consultarlo directamente en la Direcci\u00f3n de Fraccionamientos o comunicarse al&hellip;<\/p>\n","protected":false},"author":1,"featured_media":0,"parent":0,"menu_order":0,"comment_status":"closed","ping_status":"closed","template":"","meta":{"footnotes":""},"class_list":["post-4516","page","type-page","status-publish","hentry","description-off"],"_links":{"self":[{"href":"https:\/\/desarrollourbano.irapuato.gob.mx\/index.php\/wp-json\/wp\/v2\/pages\/4516","targetHints":{"allow":["GET"]}}],"collection":[{"href":"https:\/\/desarrollourbano.irapuato.gob.mx\/index.php\/wp-json\/wp\/v2\/pages"}],"about":[{"href":"https:\/\/desarrollourbano.irapuato.gob.mx\/index.php\/wp-json\/wp\/v2\/types\/page"}],"author":[{"embeddable":true,"href":"https:\/\/desarrollourbano.irapuato.gob.mx\/index.php\/wp-json\/wp\/v2\/users\/1"}],"replies":[{"embeddable":true,"href":"https:\/\/desarrollourbano.irapuato.gob.mx\/index.php\/wp-json\/wp\/v2\/comments?post=4516"}],"version-history":[{"count":99,"href":"https:\/\/desarrollourbano.irapuato.gob.mx\/index.php\/wp-json\/wp\/v2\/pages\/4516\/revisions"}],"predecessor-version":[{"id":4894,"href":"https:\/\/desarrollourbano.irapuato.gob.mx\/index.php\/wp-json\/wp\/v2\/pages\/4516\/revisions\/4894"}],"wp:attachment":[{"href":"https:\/\/desarrollourbano.irapuato.gob.mx\/index.php\/wp-json\/wp\/v2\/media?parent=4516"}],"curies":[{"name":"wp","href":"https:\/\/api.w.org\/{rel}","templated":true}]}}