{"id":3980,"date":"2023-09-12T16:09:33","date_gmt":"2023-09-12T16:09:33","guid":{"rendered":"https:\/\/desarrollourbano.irapuato.gob.mx\/?page_id=3980"},"modified":"2024-02-23T17:01:59","modified_gmt":"2024-02-23T17:01:59","slug":"aviso-de-privacidad","status":"publish","type":"page","link":"https:\/\/desarrollourbano.irapuato.gob.mx\/index.php\/aviso-de-privacidad\/","title":{"rendered":"Aviso de privacidad"},"content":{"rendered":"<p>[vc_row content_placement=&#8221;middle&#8221;][vc_column css_animation=&#8221;appear&#8221;][vc_empty_space][vc_wp_text]AVISO DE PRIVACIDAD. El contenido del presente documento, incluyendo cualquier documento adjunto, es de car\u00e1cter confidencial de quien lo emite y recibe, por tener datos personales concernientes a una persona identificada o identificable, y que atendiendo a los principios de proporcionalidad y responsabilidad, la divulgaci\u00f3n de esta informaci\u00f3n solicitada, pudiera afectar sus derechos de los solicitantes.<\/p>\n<p>Aunado a ello, es menester de esta Direcci\u00f3n informar que, toda autoridad en el \u00e1mbito de su competencia, debe de actuar de acuerdo a los principios que rijan el tratamiento de datos, ya sea por razones de seguridad nacional, disposiciones de orden p\u00fablico, seguridad y salud p\u00fablica o para proteger los derechos de terceros y los datos personales, lo anteriormente expuesto con fundamento en lo dispuesto por los art\u00edculo 6 apartado \u201cA\u201d, 14 y 16 de la Constituci\u00f3n Pol\u00edtica de los Estados Unidos Mexicanos, articulo 2 primer p\u00e1rrafo de Constituci\u00f3n Pol\u00edtica para el Estado de Guanajuato, en correlaci\u00f3n con los art\u00edculos 7 fracciones X, XI, 27 fracci\u00f3n III, 61 fracciones II y III, 62, 76 y 77 de la Ley de Transparencia y Acceso a la Informaci\u00f3n P\u00fablica para el Estado de Guanajuato.<\/p>\n<p>Se entiende dirigido y para uso exclusivo de los destinatarios, si usted ha recibido este mensaje por error o no le compete, est\u00e1 prohibida su difusi\u00f3n, transmisi\u00f3n, utilizaci\u00f3n, explotaci\u00f3n, impresi\u00f3n o copia. Por favor, avise inmediatamente al remitente y elimine el original. Lo anterior ya que nuestra pr\u00e1ctica de privacidad es coherente con lo dispuesto por los art\u00edculos 3 fracci\u00f3n I, 34, 36, 37, 38, 39, 40 y 42, se\u00f1alado por el T\u00edtulo Tercero, Cap\u00edtulo Primero, de la Ley de Protecci\u00f3n de Datos Personales en Posesi\u00f3n de Sujetos Obligados para el Estado de Guanajuato. La Direcci\u00f3n General de Desarrollo Urbano del Municipio de Irapuato, Guanajuato, ocasionalmente modificar\u00e1 y corregir\u00e1 este Aviso de Privacidad, por lo tanto te pedimos que revises este aviso regularmente en la p\u00e1gina de internet que corresponda.[\/vc_wp_text][vc_empty_space][\/vc_column][\/vc_row]<\/p>\n","protected":false},"excerpt":{"rendered":"<p>[vc_row content_placement=&#8221;middle&#8221;][vc_column css_animation=&#8221;appear&#8221;][vc_empty_space][vc_wp_text]AVISO DE PRIVACIDAD. El contenido del presente documento, incluyendo cualquier documento adjunto, es de car\u00e1cter confidencial de quien lo emite y recibe, por tener datos personales concernientes a una persona identificada o identificable, y que atendiendo a los principios de proporcionalidad y responsabilidad, la divulgaci\u00f3n de esta informaci\u00f3n solicitada, pudiera afectar sus derechos&hellip;<\/p>\n","protected":false},"author":1,"featured_media":0,"parent":0,"menu_order":0,"comment_status":"closed","ping_status":"closed","template":"","meta":{"footnotes":""},"class_list":["post-3980","page","type-page","status-publish","hentry","description-off"],"_links":{"self":[{"href":"https:\/\/desarrollourbano.irapuato.gob.mx\/index.php\/wp-json\/wp\/v2\/pages\/3980","targetHints":{"allow":["GET"]}}],"collection":[{"href":"https:\/\/desarrollourbano.irapuato.gob.mx\/index.php\/wp-json\/wp\/v2\/pages"}],"about":[{"href":"https:\/\/desarrollourbano.irapuato.gob.mx\/index.php\/wp-json\/wp\/v2\/types\/page"}],"author":[{"embeddable":true,"href":"https:\/\/desarrollourbano.irapuato.gob.mx\/index.php\/wp-json\/wp\/v2\/users\/1"}],"replies":[{"embeddable":true,"href":"https:\/\/desarrollourbano.irapuato.gob.mx\/index.php\/wp-json\/wp\/v2\/comments?post=3980"}],"version-history":[{"count":24,"href":"https:\/\/desarrollourbano.irapuato.gob.mx\/index.php\/wp-json\/wp\/v2\/pages\/3980\/revisions"}],"predecessor-version":[{"id":4150,"href":"https:\/\/desarrollourbano.irapuato.gob.mx\/index.php\/wp-json\/wp\/v2\/pages\/3980\/revisions\/4150"}],"wp:attachment":[{"href":"https:\/\/desarrollourbano.irapuato.gob.mx\/index.php\/wp-json\/wp\/v2\/media?parent=3980"}],"curies":[{"name":"wp","href":"https:\/\/api.w.org\/{rel}","templated":true}]}}